{"id":180,"date":"2021-05-12T10:22:25","date_gmt":"2021-05-12T08:22:25","guid":{"rendered":"http:\/\/confrerie-sant-andiu.fr\/?page_id=180"},"modified":"2023-02-21T16:20:46","modified_gmt":"2023-02-21T15:20:46","slug":"amis-partenaires","status":"publish","type":"page","link":"https:\/\/confrerie-sant-andiu.fr\/?page_id=180","title":{"rendered":"Nos amis et partenaires"},"content":{"rendered":"\t\t<div data-elementor-type=\"wp-page\" data-elementor-id=\"180\" class=\"elementor elementor-180\">\n\t\t\t\t\t\t\t\t\t<section class=\"elementor-section elementor-top-section elementor-element elementor-element-8d2cb65 elementor-section-boxed elementor-section-height-default elementor-section-height-default\" data-id=\"8d2cb65\" data-element_type=\"section\">\n\t\t\t\t\t\t<div class=\"elementor-container elementor-column-gap-default\">\n\t\t\t\t\t<div class=\"elementor-column elementor-col-100 elementor-top-column elementor-element elementor-element-39661ab\" data-id=\"39661ab\" data-element_type=\"column\">\n\t\t\t<div class=\"elementor-widget-wrap elementor-element-populated\">\n\t\t\t\t\t\t\t\t<div class=\"elementor-element elementor-element-8e3c191 elementor-widget elementor-widget-spacer\" data-id=\"8e3c191\" data-element_type=\"widget\" data-widget_type=\"spacer.default\">\n\t\t\t\t<div class=\"elementor-widget-container\">\n\t\t\t\t\t<div class=\"elementor-spacer\">\n\t\t\t<div class=\"elementor-spacer-inner\"><\/div>\n\t\t<\/div>\n\t\t\t\t<\/div>\n\t\t\t\t<\/div>\n\t\t\t\t\t<\/div>\n\t\t<\/div>\n\t\t\t\t\t\t\t<\/div>\n\t\t<\/section>\n\t\t\t\t<section class=\"elementor-section elementor-top-section elementor-element elementor-element-777f018 elementor-section-boxed elementor-section-height-default elementor-section-height-default\" data-id=\"777f018\" data-element_type=\"section\">\n\t\t\t\t\t\t<div class=\"elementor-container elementor-column-gap-default\">\n\t\t\t\t\t<div class=\"elementor-column elementor-col-100 elementor-top-column elementor-element elementor-element-a6d131d\" data-id=\"a6d131d\" data-element_type=\"column\">\n\t\t\t<div class=\"elementor-widget-wrap elementor-element-populated\">\n\t\t\t\t\t\t\t\t<div class=\"elementor-element elementor-element-ec6e6e7 elementor-widget elementor-widget-heading\" data-id=\"ec6e6e7\" data-element_type=\"widget\" data-widget_type=\"heading.default\">\n\t\t\t\t<div class=\"elementor-widget-container\">\n\t\t\t<h2 class=\"elementor-heading-title elementor-size-default\">NOS AMIS ET PARTENAIRES<\/h2>\t\t<\/div>\n\t\t\t\t<\/div>\n\t\t\t\t\t<\/div>\n\t\t<\/div>\n\t\t\t\t\t\t\t<\/div>\n\t\t<\/section>\n\t\t\t\t<section class=\"elementor-section elementor-top-section elementor-element elementor-element-2ec0ad2 elementor-section-boxed elementor-section-height-default elementor-section-height-default\" data-id=\"2ec0ad2\" data-element_type=\"section\">\n\t\t\t\t\t\t<div class=\"elementor-container elementor-column-gap-default\">\n\t\t\t\t\t<div class=\"elementor-column elementor-col-100 elementor-top-column elementor-element elementor-element-7fe00a3\" data-id=\"7fe00a3\" data-element_type=\"column\">\n\t\t\t<div class=\"elementor-widget-wrap elementor-element-populated\">\n\t\t\t\t\t\t\t\t<div class=\"elementor-element elementor-element-22e68ae elementor-widget-divider--view-line elementor-widget elementor-widget-divider\" data-id=\"22e68ae\" data-element_type=\"widget\" data-widget_type=\"divider.default\">\n\t\t\t\t<div class=\"elementor-widget-container\">\n\t\t\t\t\t<div class=\"elementor-divider\">\n\t\t\t<span class=\"elementor-divider-separator\">\n\t\t\t\t\t\t<\/span>\n\t\t<\/div>\n\t\t\t\t<\/div>\n\t\t\t\t<\/div>\n\t\t\t\t\t<\/div>\n\t\t<\/div>\n\t\t\t\t\t\t\t<\/div>\n\t\t<\/section>\n\t\t\t\t<section class=\"elementor-section elementor-top-section elementor-element elementor-element-204a00a elementor-section-boxed elementor-section-height-default elementor-section-height-default\" data-id=\"204a00a\" data-element_type=\"section\">\n\t\t\t\t\t\t<div class=\"elementor-container elementor-column-gap-default\">\n\t\t\t\t\t<div class=\"elementor-column elementor-col-100 elementor-top-column elementor-element elementor-element-3badf0b\" data-id=\"3badf0b\" data-element_type=\"column\">\n\t\t\t<div class=\"elementor-widget-wrap elementor-element-populated\">\n\t\t\t\t\t\t\t\t<div class=\"elementor-element elementor-element-64af0ef elementor-widget elementor-widget-spacer\" data-id=\"64af0ef\" data-element_type=\"widget\" data-widget_type=\"spacer.default\">\n\t\t\t\t<div class=\"elementor-widget-container\">\n\t\t\t\t\t<div class=\"elementor-spacer\">\n\t\t\t<div class=\"elementor-spacer-inner\"><\/div>\n\t\t<\/div>\n\t\t\t\t<\/div>\n\t\t\t\t<\/div>\n\t\t\t\t\t<\/div>\n\t\t<\/div>\n\t\t\t\t\t\t\t<\/div>\n\t\t<\/section>\n\t\t\t\t<section class=\"elementor-section elementor-top-section elementor-element elementor-element-166ff8d elementor-section-boxed elementor-section-height-default elementor-section-height-default\" data-id=\"166ff8d\" data-element_type=\"section\">\n\t\t\t\t\t\t<div class=\"elementor-container elementor-column-gap-default\">\n\t\t\t\t\t<div class=\"elementor-column elementor-col-50 elementor-top-column elementor-element elementor-element-73f0d20\" data-id=\"73f0d20\" data-element_type=\"column\">\n\t\t\t<div class=\"elementor-widget-wrap elementor-element-populated\">\n\t\t\t\t\t\t\t\t<div class=\"elementor-element elementor-element-9d42593 elementor-widget elementor-widget-heading\" data-id=\"9d42593\" data-element_type=\"widget\" data-widget_type=\"heading.default\">\n\t\t\t\t<div class=\"elementor-widget-container\">\n\t\t\t<h2 class=\"elementor-heading-title elementor-size-default\">Le Consulat de Septimanie<\/h2>\t\t<\/div>\n\t\t\t\t<\/div>\n\t\t\t\t<div class=\"elementor-element elementor-element-26a0e85 elementor-widget elementor-widget-image\" data-id=\"26a0e85\" data-element_type=\"widget\" data-widget_type=\"image.default\">\n\t\t\t\t<div class=\"elementor-widget-container\">\n\t\t\t\t\t\t\t\t\t\t\t\t\t\t\t<img loading=\"lazy\" decoding=\"async\" width=\"895\" height=\"566\" src=\"https:\/\/confrerie-sant-andiu.fr\/wp-content\/uploads\/2021\/06\/septimanie2.jpg\" class=\"attachment-large size-large\" alt=\"\" srcset=\"https:\/\/confrerie-sant-andiu.fr\/wp-content\/uploads\/2021\/06\/septimanie2.jpg 895w, https:\/\/confrerie-sant-andiu.fr\/wp-content\/uploads\/2021\/06\/septimanie2-300x190.jpg 300w, https:\/\/confrerie-sant-andiu.fr\/wp-content\/uploads\/2021\/06\/septimanie2-768x486.jpg 768w\" sizes=\"auto, (max-width: 895px) 100vw, 895px\" \/>\t\t\t\t\t\t\t\t\t\t\t\t\t\t\t<\/div>\n\t\t\t\t<\/div>\n\t\t\t\t\t<\/div>\n\t\t<\/div>\n\t\t\t\t<div class=\"elementor-column elementor-col-50 elementor-top-column elementor-element elementor-element-216d888\" data-id=\"216d888\" data-element_type=\"column\">\n\t\t\t<div class=\"elementor-widget-wrap elementor-element-populated\">\n\t\t\t\t\t\t\t\t<div class=\"elementor-element elementor-element-35ff799 elementor-widget elementor-widget-heading\" data-id=\"35ff799\" data-element_type=\"widget\" data-widget_type=\"heading.default\">\n\t\t\t\t<div class=\"elementor-widget-container\">\n\t\t\t<h2 class=\"elementor-heading-title elementor-size-default\"><a href=\"http:\/\/www.lapignatedevalras.fr\/\">La Pignate de Valras <\/a><\/h2>\t\t<\/div>\n\t\t\t\t<\/div>\n\t\t\t\t<div class=\"elementor-element elementor-element-1e27809 elementor-widget elementor-widget-image\" data-id=\"1e27809\" data-element_type=\"widget\" data-widget_type=\"image.default\">\n\t\t\t\t<div class=\"elementor-widget-container\">\n\t\t\t\t\t\t\t\t\t\t\t\t\t\t\t<img loading=\"lazy\" decoding=\"async\" width=\"768\" height=\"484\" src=\"https:\/\/confrerie-sant-andiu.fr\/wp-content\/uploads\/2021\/06\/pignate2-768x484.jpg\" class=\"attachment-medium_large size-medium_large\" alt=\"\" srcset=\"https:\/\/confrerie-sant-andiu.fr\/wp-content\/uploads\/2021\/06\/pignate2-768x484.jpg 768w, https:\/\/confrerie-sant-andiu.fr\/wp-content\/uploads\/2021\/06\/pignate2-300x189.jpg 300w, https:\/\/confrerie-sant-andiu.fr\/wp-content\/uploads\/2021\/06\/pignate2-1024x646.jpg 1024w, https:\/\/confrerie-sant-andiu.fr\/wp-content\/uploads\/2021\/06\/pignate2-1536x969.jpg 1536w, https:\/\/confrerie-sant-andiu.fr\/wp-content\/uploads\/2021\/06\/pignate2-2048x1291.jpg 2048w\" sizes=\"auto, (max-width: 768px) 100vw, 768px\" \/>\t\t\t\t\t\t\t\t\t\t\t\t\t\t\t<\/div>\n\t\t\t\t<\/div>\n\t\t\t\t\t<\/div>\n\t\t<\/div>\n\t\t\t\t\t\t\t<\/div>\n\t\t<\/section>\n\t\t\t\t<section class=\"elementor-section elementor-top-section elementor-element elementor-element-6564a63 elementor-section-boxed elementor-section-height-default elementor-section-height-default\" data-id=\"6564a63\" data-element_type=\"section\">\n\t\t\t\t\t\t<div class=\"elementor-container elementor-column-gap-default\">\n\t\t\t\t\t<div class=\"elementor-column elementor-col-100 elementor-top-column elementor-element elementor-element-6068b64\" data-id=\"6068b64\" data-element_type=\"column\">\n\t\t\t<div class=\"elementor-widget-wrap elementor-element-populated\">\n\t\t\t\t\t\t\t\t<div class=\"elementor-element elementor-element-ee9d2c6 elementor-widget elementor-widget-spacer\" data-id=\"ee9d2c6\" data-element_type=\"widget\" data-widget_type=\"spacer.default\">\n\t\t\t\t<div class=\"elementor-widget-container\">\n\t\t\t\t\t<div class=\"elementor-spacer\">\n\t\t\t<div class=\"elementor-spacer-inner\"><\/div>\n\t\t<\/div>\n\t\t\t\t<\/div>\n\t\t\t\t<\/div>\n\t\t\t\t\t<\/div>\n\t\t<\/div>\n\t\t\t\t\t\t\t<\/div>\n\t\t<\/section>\n\t\t\t\t<section class=\"elementor-section elementor-top-section elementor-element elementor-element-500cb70 elementor-section-boxed elementor-section-height-default elementor-section-height-default\" data-id=\"500cb70\" data-element_type=\"section\">\n\t\t\t\t\t\t<div class=\"elementor-container elementor-column-gap-default\">\n\t\t\t\t\t<div class=\"elementor-column elementor-col-50 elementor-top-column elementor-element elementor-element-7d3e36f\" data-id=\"7d3e36f\" data-element_type=\"column\">\n\t\t\t<div class=\"elementor-widget-wrap elementor-element-populated\">\n\t\t\t\t\t\t\t\t<div class=\"elementor-element elementor-element-6b0337a elementor-widget elementor-widget-heading\" data-id=\"6b0337a\" data-element_type=\"widget\" data-widget_type=\"heading.default\">\n\t\t\t\t<div class=\"elementor-widget-container\">\n\t\t\t<h2 class=\"elementor-heading-title elementor-size-default\">Le Saint Christ d'Agde<\/h2>\t\t<\/div>\n\t\t\t\t<\/div>\n\t\t\t\t<div class=\"elementor-element elementor-element-2186557 elementor-widget elementor-widget-image\" data-id=\"2186557\" data-element_type=\"widget\" data-widget_type=\"image.default\">\n\t\t\t\t<div class=\"elementor-widget-container\">\n\t\t\t\t\t\t\t\t\t\t\t\t\t\t\t<img loading=\"lazy\" decoding=\"async\" width=\"1024\" height=\"576\" src=\"https:\/\/confrerie-sant-andiu.fr\/wp-content\/uploads\/2021\/06\/Saint-Christ-dAgde-1024x576.jpg\" class=\"attachment-large size-large\" alt=\"\" srcset=\"https:\/\/confrerie-sant-andiu.fr\/wp-content\/uploads\/2021\/06\/Saint-Christ-dAgde-1024x576.jpg 1024w, https:\/\/confrerie-sant-andiu.fr\/wp-content\/uploads\/2021\/06\/Saint-Christ-dAgde-300x169.jpg 300w, https:\/\/confrerie-sant-andiu.fr\/wp-content\/uploads\/2021\/06\/Saint-Christ-dAgde-768x432.jpg 768w, https:\/\/confrerie-sant-andiu.fr\/wp-content\/uploads\/2021\/06\/Saint-Christ-dAgde.jpg 1200w\" sizes=\"auto, (max-width: 1024px) 100vw, 1024px\" \/>\t\t\t\t\t\t\t\t\t\t\t\t\t\t\t<\/div>\n\t\t\t\t<\/div>\n\t\t\t\t\t<\/div>\n\t\t<\/div>\n\t\t\t\t<div class=\"elementor-column elementor-col-50 elementor-top-column elementor-element elementor-element-9a54756\" data-id=\"9a54756\" data-element_type=\"column\">\n\t\t\t<div class=\"elementor-widget-wrap elementor-element-populated\">\n\t\t\t\t\t\t\t\t<div class=\"elementor-element elementor-element-0dbd061 elementor-widget elementor-widget-heading\" data-id=\"0dbd061\" data-element_type=\"widget\" data-widget_type=\"heading.default\">\n\t\t\t\t<div class=\"elementor-widget-container\">\n\t\t\t<h2 class=\"elementor-heading-title elementor-size-default\">La Croustade et le Ros\u00e9 de Bessan<\/h2>\t\t<\/div>\n\t\t\t\t<\/div>\n\t\t\t\t<div class=\"elementor-element elementor-element-c250977 elementor-widget elementor-widget-image\" data-id=\"c250977\" data-element_type=\"widget\" data-widget_type=\"image.default\">\n\t\t\t\t<div class=\"elementor-widget-container\">\n\t\t\t\t\t\t\t\t\t\t\t\t\t\t\t<img loading=\"lazy\" decoding=\"async\" width=\"1024\" height=\"576\" src=\"https:\/\/confrerie-sant-andiu.fr\/wp-content\/uploads\/2021\/06\/leucate-01-05-2018-1024x576.jpg\" class=\"attachment-large size-large\" alt=\"\" srcset=\"https:\/\/confrerie-sant-andiu.fr\/wp-content\/uploads\/2021\/06\/leucate-01-05-2018-1024x576.jpg 1024w, https:\/\/confrerie-sant-andiu.fr\/wp-content\/uploads\/2021\/06\/leucate-01-05-2018-300x169.jpg 300w, https:\/\/confrerie-sant-andiu.fr\/wp-content\/uploads\/2021\/06\/leucate-01-05-2018-768x432.jpg 768w, https:\/\/confrerie-sant-andiu.fr\/wp-content\/uploads\/2021\/06\/leucate-01-05-2018-1536x864.jpg 1536w, https:\/\/confrerie-sant-andiu.fr\/wp-content\/uploads\/2021\/06\/leucate-01-05-2018-2048x1152.jpg 2048w\" sizes=\"auto, (max-width: 1024px) 100vw, 1024px\" \/>\t\t\t\t\t\t\t\t\t\t\t\t\t\t\t<\/div>\n\t\t\t\t<\/div>\n\t\t\t\t\t<\/div>\n\t\t<\/div>\n\t\t\t\t\t\t\t<\/div>\n\t\t<\/section>\n\t\t\t\t<section class=\"elementor-section elementor-top-section elementor-element elementor-element-da752d2 elementor-section-boxed elementor-section-height-default elementor-section-height-default\" data-id=\"da752d2\" data-element_type=\"section\">\n\t\t\t\t\t\t<div class=\"elementor-container elementor-column-gap-default\">\n\t\t\t\t\t<div class=\"elementor-column elementor-col-100 elementor-top-column elementor-element elementor-element-1571e27\" data-id=\"1571e27\" data-element_type=\"column\">\n\t\t\t<div class=\"elementor-widget-wrap elementor-element-populated\">\n\t\t\t\t\t\t\t\t<div class=\"elementor-element elementor-element-356f331 elementor-widget elementor-widget-spacer\" data-id=\"356f331\" data-element_type=\"widget\" data-widget_type=\"spacer.default\">\n\t\t\t\t<div class=\"elementor-widget-container\">\n\t\t\t\t\t<div class=\"elementor-spacer\">\n\t\t\t<div class=\"elementor-spacer-inner\"><\/div>\n\t\t<\/div>\n\t\t\t\t<\/div>\n\t\t\t\t<\/div>\n\t\t\t\t\t<\/div>\n\t\t<\/div>\n\t\t\t\t\t\t\t<\/div>\n\t\t<\/section>\n\t\t\t\t<section class=\"elementor-section elementor-top-section elementor-element elementor-element-c22c25d elementor-section-boxed elementor-section-height-default elementor-section-height-default\" data-id=\"c22c25d\" data-element_type=\"section\">\n\t\t\t\t\t\t<div class=\"elementor-container elementor-column-gap-default\">\n\t\t\t\t\t<div class=\"elementor-column elementor-col-50 elementor-top-column elementor-element elementor-element-8348cc8\" data-id=\"8348cc8\" data-element_type=\"column\">\n\t\t\t<div class=\"elementor-widget-wrap elementor-element-populated\">\n\t\t\t\t\t\t\t\t<div class=\"elementor-element elementor-element-ac7aa2b elementor-widget elementor-widget-heading\" data-id=\"ac7aa2b\" data-element_type=\"widget\" data-widget_type=\"heading.default\">\n\t\t\t\t<div class=\"elementor-widget-container\">\n\t\t\t<h2 class=\"elementor-heading-title elementor-size-default\">La Commanderie de Faug\u00e8res<\/h2>\t\t<\/div>\n\t\t\t\t<\/div>\n\t\t\t\t<div class=\"elementor-element elementor-element-101d121 elementor-widget elementor-widget-image\" data-id=\"101d121\" data-element_type=\"widget\" data-widget_type=\"image.default\">\n\t\t\t\t<div class=\"elementor-widget-container\">\n\t\t\t\t\t\t\t\t\t\t\t\t\t\t\t<img loading=\"lazy\" decoding=\"async\" width=\"618\" height=\"412\" src=\"https:\/\/confrerie-sant-andiu.fr\/wp-content\/uploads\/2021\/06\/fougere.jpg\" class=\"attachment-large size-large\" alt=\"\" srcset=\"https:\/\/confrerie-sant-andiu.fr\/wp-content\/uploads\/2021\/06\/fougere.jpg 618w, https:\/\/confrerie-sant-andiu.fr\/wp-content\/uploads\/2021\/06\/fougere-300x200.jpg 300w\" sizes=\"auto, (max-width: 618px) 100vw, 618px\" \/>\t\t\t\t\t\t\t\t\t\t\t\t\t\t\t<\/div>\n\t\t\t\t<\/div>\n\t\t\t\t\t<\/div>\n\t\t<\/div>\n\t\t\t\t<div class=\"elementor-column elementor-col-50 elementor-top-column elementor-element elementor-element-399c12f\" data-id=\"399c12f\" data-element_type=\"column\">\n\t\t\t<div class=\"elementor-widget-wrap\">\n\t\t\t\t\t\t\t\t\t<\/div>\n\t\t<\/div>\n\t\t\t\t\t\t\t<\/div>\n\t\t<\/section>\n\t\t\t\t<section class=\"elementor-section elementor-top-section elementor-element elementor-element-34028bc elementor-section-boxed elementor-section-height-default elementor-section-height-default\" data-id=\"34028bc\" data-element_type=\"section\">\n\t\t\t\t\t\t<div class=\"elementor-container elementor-column-gap-default\">\n\t\t\t\t\t<div class=\"elementor-column elementor-col-100 elementor-top-column elementor-element elementor-element-363d225\" data-id=\"363d225\" data-element_type=\"column\">\n\t\t\t<div class=\"elementor-widget-wrap elementor-element-populated\">\n\t\t\t\t\t\t\t\t<div class=\"elementor-element elementor-element-acc6570 elementor-widget elementor-widget-spacer\" data-id=\"acc6570\" data-element_type=\"widget\" data-widget_type=\"spacer.default\">\n\t\t\t\t<div class=\"elementor-widget-container\">\n\t\t\t\t\t<div class=\"elementor-spacer\">\n\t\t\t<div class=\"elementor-spacer-inner\"><\/div>\n\t\t<\/div>\n\t\t\t\t<\/div>\n\t\t\t\t<\/div>\n\t\t\t\t\t<\/div>\n\t\t<\/div>\n\t\t\t\t\t\t\t<\/div>\n\t\t<\/section>\n\t\t\t\t<section class=\"elementor-section elementor-top-section elementor-element elementor-element-3bbe5fe elementor-section-boxed elementor-section-height-default elementor-section-height-default\" data-id=\"3bbe5fe\" data-element_type=\"section\">\n\t\t\t\t\t\t<div class=\"elementor-container elementor-column-gap-default\">\n\t\t\t\t\t<div class=\"elementor-column elementor-col-100 elementor-top-column elementor-element elementor-element-da3357e\" data-id=\"da3357e\" data-element_type=\"column\">\n\t\t\t<div class=\"elementor-widget-wrap elementor-element-populated\">\n\t\t\t\t\t\t\t\t<div class=\"elementor-element elementor-element-e0d7640 elementor-widget elementor-widget-heading\" data-id=\"e0d7640\" data-element_type=\"widget\" data-widget_type=\"heading.default\">\n\t\t\t\t<div class=\"elementor-widget-container\">\n\t\t\t<h2 class=\"elementor-heading-title elementor-size-default\">NOUS SOMMES ADHERENTS<\/h2>\t\t<\/div>\n\t\t\t\t<\/div>\n\t\t\t\t<div class=\"elementor-element elementor-element-af75c13 elementor-widget-divider--view-line elementor-widget elementor-widget-divider\" data-id=\"af75c13\" data-element_type=\"widget\" data-widget_type=\"divider.default\">\n\t\t\t\t<div class=\"elementor-widget-container\">\n\t\t\t\t\t<div class=\"elementor-divider\">\n\t\t\t<span class=\"elementor-divider-separator\">\n\t\t\t\t\t\t<\/span>\n\t\t<\/div>\n\t\t\t\t<\/div>\n\t\t\t\t<\/div>\n\t\t\t\t\t<\/div>\n\t\t<\/div>\n\t\t\t\t\t\t\t<\/div>\n\t\t<\/section>\n\t\t\t\t<section class=\"elementor-section elementor-top-section elementor-element elementor-element-9b0213b elementor-section-boxed elementor-section-height-default elementor-section-height-default\" data-id=\"9b0213b\" data-element_type=\"section\">\n\t\t\t\t\t\t<div class=\"elementor-container elementor-column-gap-default\">\n\t\t\t\t\t<div class=\"elementor-column elementor-col-50 elementor-top-column elementor-element elementor-element-f82842b\" data-id=\"f82842b\" data-element_type=\"column\">\n\t\t\t<div class=\"elementor-widget-wrap elementor-element-populated\">\n\t\t\t\t\t\t\t\t<div class=\"elementor-element elementor-element-06e4ea6 elementor-widget elementor-widget-heading\" data-id=\"06e4ea6\" data-element_type=\"widget\" data-widget_type=\"heading.default\">\n\t\t\t\t<div class=\"elementor-widget-container\">\n\t\t\t<h2 class=\"elementor-heading-title elementor-size-default\">Acad\u00e9mie des Confr\u00e9ries du Languedoc Roussillon<\/h2>\t\t<\/div>\n\t\t\t\t<\/div>\n\t\t\t\t<div class=\"elementor-element elementor-element-1360b83 elementor-widget elementor-widget-image\" data-id=\"1360b83\" data-element_type=\"widget\" data-widget_type=\"image.default\">\n\t\t\t\t<div class=\"elementor-widget-container\">\n\t\t\t\t\t\t\t\t\t\t\t\t\t\t\t<img loading=\"lazy\" decoding=\"async\" width=\"487\" height=\"274\" src=\"https:\/\/confrerie-sant-andiu.fr\/wp-content\/uploads\/2021\/06\/conf-LR-2.jpg\" class=\"attachment-large size-large\" alt=\"\" srcset=\"https:\/\/confrerie-sant-andiu.fr\/wp-content\/uploads\/2021\/06\/conf-LR-2.jpg 487w, https:\/\/confrerie-sant-andiu.fr\/wp-content\/uploads\/2021\/06\/conf-LR-2-300x169.jpg 300w\" sizes=\"auto, (max-width: 487px) 100vw, 487px\" \/>\t\t\t\t\t\t\t\t\t\t\t\t\t\t\t<\/div>\n\t\t\t\t<\/div>\n\t\t\t\t\t<\/div>\n\t\t<\/div>\n\t\t\t\t<div class=\"elementor-column elementor-col-50 elementor-top-column elementor-element elementor-element-5c9d907\" data-id=\"5c9d907\" data-element_type=\"column\">\n\t\t\t<div class=\"elementor-widget-wrap elementor-element-populated\">\n\t\t\t\t\t\t\t\t<div class=\"elementor-element elementor-element-ae3194e elementor-widget elementor-widget-heading\" data-id=\"ae3194e\" data-element_type=\"widget\" data-widget_type=\"heading.default\">\n\t\t\t\t<div class=\"elementor-widget-container\">\n\t\t\t<h2 class=\"elementor-heading-title elementor-size-default\">F\u00e9d\u00e9ration Internationale des Confr\u00e9ries Bachiques<\/h2>\t\t<\/div>\n\t\t\t\t<\/div>\n\t\t\t\t<div class=\"elementor-element elementor-element-df54a96 elementor-widget elementor-widget-image\" data-id=\"df54a96\" data-element_type=\"widget\" data-widget_type=\"image.default\">\n\t\t\t\t<div class=\"elementor-widget-container\">\n\t\t\t\t\t\t\t\t\t\t\t\t\t\t\t<img decoding=\"async\" src=\"https:\/\/confrerie-sant-andiu.fr\/wp-content\/uploads\/elementor\/thumbs\/federation-confrerie-bachique-p8gdwdz3ia3ie9pvt3uiy8excml3zsp212bhmoqsfo.jpg\" title=\"federation confrerie bachique\" alt=\"federation confrerie bachique\" \/>\t\t\t\t\t\t\t\t\t\t\t\t\t\t\t<\/div>\n\t\t\t\t<\/div>\n\t\t\t\t\t<\/div>\n\t\t<\/div>\n\t\t\t\t\t\t\t<\/div>\n\t\t<\/section>\n\t\t\t\t<section class=\"elementor-section elementor-top-section elementor-element elementor-element-9d05b7c elementor-section-boxed elementor-section-height-default elementor-section-height-default\" data-id=\"9d05b7c\" data-element_type=\"section\">\n\t\t\t\t\t\t<div class=\"elementor-container elementor-column-gap-default\">\n\t\t\t\t\t<div class=\"elementor-column elementor-col-100 elementor-top-column elementor-element elementor-element-6e476e1\" data-id=\"6e476e1\" data-element_type=\"column\">\n\t\t\t<div class=\"elementor-widget-wrap elementor-element-populated\">\n\t\t\t\t\t\t\t\t<div class=\"elementor-element elementor-element-1739d0e elementor-widget elementor-widget-spacer\" data-id=\"1739d0e\" data-element_type=\"widget\" data-widget_type=\"spacer.default\">\n\t\t\t\t<div class=\"elementor-widget-container\">\n\t\t\t\t\t<div class=\"elementor-spacer\">\n\t\t\t<div class=\"elementor-spacer-inner\"><\/div>\n\t\t<\/div>\n\t\t\t\t<\/div>\n\t\t\t\t<\/div>\n\t\t\t\t\t<\/div>\n\t\t<\/div>\n\t\t\t\t\t\t\t<\/div>\n\t\t<\/section>\n\t\t\t\t\t\t\t<\/div>\n\t\t","protected":false},"excerpt":{"rendered":"<p>NOS AMIS ET PARTENAIRES Le Consulat de Septimanie La Pignate de Valras Le Saint Christ d&rsquo;Agde La Croustade et le Ros\u00e9 de Bessan La Commanderie de Faug\u00e8res NOUS SOMMES ADHERENTS Acad\u00e9mie des Confr\u00e9ries du Languedoc Roussillon F\u00e9d\u00e9ration Internationale des Confr\u00e9ries Bachiques<\/p>\n","protected":false},"author":1,"featured_media":0,"parent":0,"menu_order":0,"comment_status":"closed","ping_status":"closed","template":"","meta":{"footnotes":""},"class_list":["post-180","page","type-page","status-publish","hentry","entry"],"_links":{"self":[{"href":"https:\/\/confrerie-sant-andiu.fr\/index.php?rest_route=\/wp\/v2\/pages\/180","targetHints":{"allow":["GET"]}}],"collection":[{"href":"https:\/\/confrerie-sant-andiu.fr\/index.php?rest_route=\/wp\/v2\/pages"}],"about":[{"href":"https:\/\/confrerie-sant-andiu.fr\/index.php?rest_route=\/wp\/v2\/types\/page"}],"author":[{"embeddable":true,"href":"https:\/\/confrerie-sant-andiu.fr\/index.php?rest_route=\/wp\/v2\/users\/1"}],"replies":[{"embeddable":true,"href":"https:\/\/confrerie-sant-andiu.fr\/index.php?rest_route=%2Fwp%2Fv2%2Fcomments&post=180"}],"version-history":[{"count":66,"href":"https:\/\/confrerie-sant-andiu.fr\/index.php?rest_route=\/wp\/v2\/pages\/180\/revisions"}],"predecessor-version":[{"id":1462,"href":"https:\/\/confrerie-sant-andiu.fr\/index.php?rest_route=\/wp\/v2\/pages\/180\/revisions\/1462"}],"wp:attachment":[{"href":"https:\/\/confrerie-sant-andiu.fr\/index.php?rest_route=%2Fwp%2Fv2%2Fmedia&parent=180"}],"curies":[{"name":"wp","href":"https:\/\/api.w.org\/{rel}","templated":true}]}}