{"id":178,"date":"2021-05-12T10:22:05","date_gmt":"2021-05-12T08:22:05","guid":{"rendered":"http:\/\/confrerie-sant-andiu.fr\/?page_id=178"},"modified":"2025-02-17T09:35:15","modified_gmt":"2025-02-17T08:35:15","slug":"qui-sommes-nous","status":"publish","type":"page","link":"https:\/\/confrerie-sant-andiu.fr\/?page_id=178","title":{"rendered":"QUI SOMMES-NOUS"},"content":{"rendered":"\t\t<div data-elementor-type=\"wp-page\" data-elementor-id=\"178\" class=\"elementor elementor-178\">\n\t\t\t\t\t\t\t\t\t<section class=\"elementor-section elementor-top-section elementor-element elementor-element-472c1f5 elementor-section-boxed elementor-section-height-default elementor-section-height-default\" data-id=\"472c1f5\" data-element_type=\"section\">\n\t\t\t\t\t\t<div class=\"elementor-container elementor-column-gap-default\">\n\t\t\t\t\t<div class=\"elementor-column elementor-col-100 elementor-top-column elementor-element elementor-element-720ee9b\" data-id=\"720ee9b\" data-element_type=\"column\">\n\t\t\t<div class=\"elementor-widget-wrap elementor-element-populated\">\n\t\t\t\t\t\t\t\t<div class=\"elementor-element elementor-element-8031d16 elementor-widget elementor-widget-spacer\" data-id=\"8031d16\" data-element_type=\"widget\" data-widget_type=\"spacer.default\">\n\t\t\t\t<div class=\"elementor-widget-container\">\n\t\t\t\t\t<div class=\"elementor-spacer\">\n\t\t\t<div class=\"elementor-spacer-inner\"><\/div>\n\t\t<\/div>\n\t\t\t\t<\/div>\n\t\t\t\t<\/div>\n\t\t\t\t\t<\/div>\n\t\t<\/div>\n\t\t\t\t\t\t\t<\/div>\n\t\t<\/section>\n\t\t\t\t<section class=\"elementor-section elementor-top-section elementor-element elementor-element-32601ba6 elementor-section-full_width elementor-section-stretched elementor-section-content-bottom elementor-section-height-default elementor-section-height-default\" data-id=\"32601ba6\" data-element_type=\"section\" data-settings=\"{&quot;background_background&quot;:&quot;classic&quot;,&quot;stretch_section&quot;:&quot;section-stretched&quot;}\">\n\t\t\t\t\t\t<div class=\"elementor-container elementor-column-gap-default\">\n\t\t\t\t\t<div class=\"elementor-column elementor-col-100 elementor-top-column elementor-element elementor-element-7ee5f52c\" data-id=\"7ee5f52c\" data-element_type=\"column\">\n\t\t\t<div class=\"elementor-widget-wrap elementor-element-populated\">\n\t\t\t\t\t\t\t\t<div class=\"elementor-element elementor-element-6b60011 elementor-widget elementor-widget-wp-widget-ocean_custom_menu\" data-id=\"6b60011\" data-element_type=\"widget\" data-widget_type=\"wp-widget-ocean_custom_menu.default\">\n\t\t\t\t<div class=\"elementor-widget-container\">\n\t\t\t<style type=\"text\/css\">.ocean_custom_menu-REPLACE_TO_ID > ul > li > a, .custom-menu-widget .ocean_custom_menu-REPLACE_TO_ID .dropdown-menu .sub-menu li a.menu-link{color:#FFFFFF;font-size:14px;line-height:18px;text-transform:uppercase;}.custom-menu-widget .ocean_custom_menu-REPLACE_TO_ID.oceanwp-custom-menu > ul.click-menu .open-this{color:#FFFFFF;font-size:14px;}<\/style><div class=\"oceanwp-custom-menu clr ocean_custom_menu-REPLACE_TO_ID center dropdown-hover\"><ul id=\"menu-en-tete\" class=\"dropdown-menu sf-menu\"><li  id=\"menu-item-406\" class=\"menu-item menu-item-type-post_type menu-item-object-page menu-item-home menu-item-406\"><a href=\"https:\/\/confrerie-sant-andiu.fr\/\" class=\"menu-link\">Accueil<\/a><\/li>\n<li  id=\"menu-item-270\" class=\"menu-item menu-item-type-post_type menu-item-object-page current_page_parent menu-item-270\"><a href=\"https:\/\/confrerie-sant-andiu.fr\/?page_id=265\" class=\"menu-link\">Actualit\u00e9s<\/a><\/li>\n<li  id=\"menu-item-271\" class=\"menu-item menu-item-type-post_type menu-item-object-page menu-item-271\"><a href=\"https:\/\/confrerie-sant-andiu.fr\/?page_id=178\" class=\"menu-link\">QUI SOMMES-NOUS<\/a><\/li>\n<li  id=\"menu-item-264\" class=\"menu-item menu-item-type-post_type menu-item-object-page menu-item-264\"><a href=\"https:\/\/confrerie-sant-andiu.fr\/?page_id=23\" class=\"menu-link\">L\u00e9gende &#038; Traditions<\/a><\/li>\n<li  id=\"menu-item-269\" class=\"menu-item menu-item-type-post_type menu-item-object-page menu-item-has-children dropdown menu-item-269\"><a href=\"https:\/\/confrerie-sant-andiu.fr\/?page_id=267\" class=\"menu-link\">NOS EVENEMENTS <span class=\"nav-arrow fa fa-angle-down\"><\/span><\/a>\n<ul class=\"sub-menu\">\n\t<li  id=\"menu-item-211\" class=\"menu-item menu-item-type-post_type menu-item-object-page menu-item-211\"><a href=\"https:\/\/confrerie-sant-andiu.fr\/?page_id=168\" class=\"menu-link\">F\u00eate de Saint Aphrodise<\/a><\/li>\n\t<li  id=\"menu-item-210\" class=\"menu-item menu-item-type-post_type menu-item-object-page menu-item-210\"><a href=\"https:\/\/confrerie-sant-andiu.fr\/?page_id=170\" class=\"menu-link\">F\u00eate de Sant Andiu<\/a><\/li>\n\t<li  id=\"menu-item-212\" class=\"menu-item menu-item-type-post_type menu-item-object-page menu-item-212\"><a href=\"https:\/\/confrerie-sant-andiu.fr\/?page_id=163\" class=\"menu-link\">F\u00eate du Vin nouveau<\/a><\/li>\n\t<li  id=\"menu-item-209\" class=\"menu-item menu-item-type-post_type menu-item-object-page menu-item-209\"><a href=\"https:\/\/confrerie-sant-andiu.fr\/?page_id=172\" class=\"menu-link\">F\u00e9ria de B\u00e9ziers<\/a><\/li>\n\t<li  id=\"menu-item-901\" class=\"menu-item menu-item-type-post_type menu-item-object-page menu-item-901\"><a href=\"https:\/\/confrerie-sant-andiu.fr\/?page_id=854\" class=\"menu-link\">F\u00eate de la Saint Vincent<\/a><\/li>\n<\/ul>\n<\/li>\n<li  id=\"menu-item-262\" class=\"menu-item menu-item-type-post_type menu-item-object-page menu-item-262\"><a href=\"https:\/\/confrerie-sant-andiu.fr\/?page_id=180\" class=\"menu-link\">Nos amis et partenaires<\/a><\/li>\n<li  id=\"menu-item-1015\" class=\"menu-item menu-item-type-post_type menu-item-object-page menu-item-1015\"><a href=\"https:\/\/confrerie-sant-andiu.fr\/?page_id=992\" class=\"menu-link\">T\u00e9moignages<\/a><\/li>\n<li  id=\"menu-item-261\" class=\"menu-item menu-item-type-post_type menu-item-object-page menu-item-261\"><a href=\"https:\/\/confrerie-sant-andiu.fr\/?page_id=182\" class=\"menu-link\">Nous contacter<\/a><\/li>\n<\/ul><\/div>\t\t<\/div>\n\t\t\t\t<\/div>\n\t\t\t\t<div class=\"elementor-element elementor-element-79515633 elementor-widget elementor-widget-spacer\" data-id=\"79515633\" data-element_type=\"widget\" data-widget_type=\"spacer.default\">\n\t\t\t\t<div class=\"elementor-widget-container\">\n\t\t\t\t\t<div class=\"elementor-spacer\">\n\t\t\t<div class=\"elementor-spacer-inner\"><\/div>\n\t\t<\/div>\n\t\t\t\t<\/div>\n\t\t\t\t<\/div>\n\t\t\t\t\t<\/div>\n\t\t<\/div>\n\t\t\t\t\t\t\t<\/div>\n\t\t<\/section>\n\t\t\t\t<section class=\"elementor-section elementor-top-section elementor-element elementor-element-0474049 elementor-section-boxed elementor-section-height-default elementor-section-height-default\" data-id=\"0474049\" data-element_type=\"section\">\n\t\t\t\t\t\t<div class=\"elementor-container elementor-column-gap-default\">\n\t\t\t\t\t<div class=\"elementor-column elementor-col-100 elementor-top-column elementor-element elementor-element-766fdac\" data-id=\"766fdac\" data-element_type=\"column\">\n\t\t\t<div class=\"elementor-widget-wrap elementor-element-populated\">\n\t\t\t\t\t\t\t\t<div class=\"elementor-element elementor-element-30bf328 elementor-widget elementor-widget-image\" data-id=\"30bf328\" data-element_type=\"widget\" data-widget_type=\"image.default\">\n\t\t\t\t<div class=\"elementor-widget-container\">\n\t\t\t\t\t\t\t\t\t\t\t\t\t\t\t<img loading=\"lazy\" decoding=\"async\" width=\"150\" height=\"150\" src=\"https:\/\/confrerie-sant-andiu.fr\/wp-content\/uploads\/2021\/05\/sante-150x150.png\" class=\"attachment-thumbnail size-thumbnail\" alt=\"\" \/>\t\t\t\t\t\t\t\t\t\t\t\t\t\t\t<\/div>\n\t\t\t\t<\/div>\n\t\t\t\t\t<\/div>\n\t\t<\/div>\n\t\t\t\t\t\t\t<\/div>\n\t\t<\/section>\n\t\t\t\t<section class=\"elementor-section elementor-top-section elementor-element elementor-element-10e3774 elementor-section-boxed elementor-section-height-default elementor-section-height-default\" data-id=\"10e3774\" data-element_type=\"section\">\n\t\t\t\t\t\t<div class=\"elementor-container elementor-column-gap-default\">\n\t\t\t\t\t<div class=\"elementor-column elementor-col-100 elementor-top-column elementor-element elementor-element-0a84710\" data-id=\"0a84710\" data-element_type=\"column\">\n\t\t\t<div class=\"elementor-widget-wrap elementor-element-populated\">\n\t\t\t\t\t\t\t\t<div class=\"elementor-element elementor-element-5dff5c8 elementor-widget elementor-widget-heading\" data-id=\"5dff5c8\" data-element_type=\"widget\" data-widget_type=\"heading.default\">\n\t\t\t\t<div class=\"elementor-widget-container\">\n\t\t\t<h2 class=\"elementor-heading-title elementor-size-default\">LE BUREAU<\/h2>\t\t<\/div>\n\t\t\t\t<\/div>\n\t\t\t\t\t<\/div>\n\t\t<\/div>\n\t\t\t\t\t\t\t<\/div>\n\t\t<\/section>\n\t\t\t\t<section class=\"elementor-section elementor-top-section elementor-element elementor-element-d9af7aa elementor-section-boxed elementor-section-height-default elementor-section-height-default\" data-id=\"d9af7aa\" data-element_type=\"section\">\n\t\t\t\t\t\t<div class=\"elementor-container elementor-column-gap-default\">\n\t\t\t\t\t<div class=\"elementor-column elementor-col-100 elementor-top-column elementor-element elementor-element-175c114\" data-id=\"175c114\" data-element_type=\"column\">\n\t\t\t<div class=\"elementor-widget-wrap elementor-element-populated\">\n\t\t\t\t\t\t\t\t<div class=\"elementor-element elementor-element-cf62560 elementor-widget elementor-widget-text-editor\" data-id=\"cf62560\" data-element_type=\"widget\" data-widget_type=\"text-editor.default\">\n\t\t\t\t<div class=\"elementor-widget-container\">\n\t\t\t\t\t\t\t<p>Le bureau de la confr\u00e9rie est actuellement compos\u00e9 de 8 membres, dont:<\/p>\n<p><span style=\"font-weight: 400;\"><strong>JEAN CHABRAT<\/strong>,&nbsp; <strong>Grand Mestre de l&rsquo;Antico Confrari\u00e9 de Sant Andiu de la Galinieiro <\/strong>et<strong> Grand Vinetier<br><\/strong><\/span>Son titre \u00e9quivaut \u00e0 celui de Pr\u00e9sident de l&rsquo;association. Il est \u00e9galement grand vinetier, c&rsquo;est \u00e0 dire qu&rsquo;il s\u2019occupe de l\u2019entretien du barralet (le petit tonneau dans lequel est conserv\u00e9 le vin divin lors des c\u00e9r\u00e9monies).&nbsp;<\/p>\n<p><span style=\"font-weight: 400;\"><strong>JEAN CHARLES TASTAVY<\/strong>,&nbsp;<\/span><strong>Jos-Mestre <\/strong>et<strong> Grand Echanson <br><\/strong>Il est le Vice Pr\u00e9sident de l&rsquo;Association, et est en charge pendant les c\u00e9r\u00e9monies d&rsquo;intronisation, de servir le vin contenu dans le barralet.&nbsp;<strong><br><\/strong><\/p>\n<p><strong>SYLVIE TOUDON-MIQUEL, Jos-Mestre<br><\/strong>Elle est \u00e9galement Vice Pr\u00e9sidente de l&rsquo;association, et est en charge pendant les \u00e9v\u00e8nements de la convivialit\u00e9, notamment sur le plan gastronomique.&nbsp;<\/p>\n<p><span style=\"font-weight: 400;\"><strong>ETIENNE DAUDER, Chancelier<br><\/strong>Son titre \u00e9quivaut \u00e0 celui de Secr\u00e9taire G\u00e9n\u00e9ral de l&rsquo;association.&nbsp;<\/span><\/p>\n<p><span style=\"font-weight: 400;\"><strong>ELISABETH BEC, Clava\u00efre<\/strong> <br>Elle est la tr\u00e9sori\u00e8re de l&rsquo;association, qui g\u00e8re le budget.&nbsp;<\/span><\/p>\n<p><span style=\"font-weight: 400;\"><strong>YVES-JACQUES GRENET, Chambelland<\/strong> <br>Il est le responsable de la logistique, des achats pour nos \u00e9v\u00e8nements, aux costumes et autres mat\u00e9riels n\u00e9cessaires au bon d\u00e9roulement des c\u00e9r\u00e9monies.&nbsp;<\/span><\/p>\n<p><span style=\"font-weight: 400;\"><strong>THIERRY MURAT, Ordonatou <\/strong>et <strong>Grand Massier<\/strong><br>Il est le Ma\u00eetre de c\u00e9r\u00e9monie et chef du protocole, c&rsquo;est \u00e0 dire qu&rsquo;il va chercher les imp\u00e9trants ( les pr\u00e9tendants au titre) dans la foule lors des intronisations.&nbsp;&nbsp;<\/span><\/p>\t\t\t\t\t\t<\/div>\n\t\t\t\t<\/div>\n\t\t\t\t\t<\/div>\n\t\t<\/div>\n\t\t\t\t\t\t\t<\/div>\n\t\t<\/section>\n\t\t\t\t<section class=\"elementor-section elementor-top-section elementor-element elementor-element-b0e27cd elementor-section-boxed elementor-section-height-default elementor-section-height-default\" data-id=\"b0e27cd\" data-element_type=\"section\">\n\t\t\t\t\t\t<div class=\"elementor-container elementor-column-gap-default\">\n\t\t\t\t\t<div class=\"elementor-column elementor-col-100 elementor-top-column elementor-element elementor-element-68d2182\" data-id=\"68d2182\" data-element_type=\"column\">\n\t\t\t<div class=\"elementor-widget-wrap elementor-element-populated\">\n\t\t\t\t\t\t\t\t<div class=\"elementor-element elementor-element-98f6d0e elementor-widget elementor-widget-image\" data-id=\"98f6d0e\" data-element_type=\"widget\" data-widget_type=\"image.default\">\n\t\t\t\t<div class=\"elementor-widget-container\">\n\t\t\t\t\t\t\t\t\t\t\t\t\t\t\t<img decoding=\"async\" src=\"https:\/\/confrerie-sant-andiu.fr\/wp-content\/uploads\/elementor\/thumbs\/vin-p73uq83ov7lma8v63qe8g9y13j7zogzuplgr5mb83u.jpg\" title=\"vin\" alt=\"vin\" \/>\t\t\t\t\t\t\t\t\t\t\t\t\t\t\t<\/div>\n\t\t\t\t<\/div>\n\t\t\t\t\t<\/div>\n\t\t<\/div>\n\t\t\t\t\t\t\t<\/div>\n\t\t<\/section>\n\t\t\t\t<section class=\"elementor-section elementor-top-section elementor-element elementor-element-b6855e1 elementor-section-boxed elementor-section-height-default elementor-section-height-default\" data-id=\"b6855e1\" data-element_type=\"section\">\n\t\t\t\t\t\t<div class=\"elementor-container elementor-column-gap-default\">\n\t\t\t\t\t<div class=\"elementor-column elementor-col-100 elementor-top-column elementor-element elementor-element-4e6df05\" data-id=\"4e6df05\" data-element_type=\"column\">\n\t\t\t<div class=\"elementor-widget-wrap elementor-element-populated\">\n\t\t\t\t\t\t\t\t<div class=\"elementor-element elementor-element-1d2b61c elementor-widget elementor-widget-heading\" data-id=\"1d2b61c\" data-element_type=\"widget\" data-widget_type=\"heading.default\">\n\t\t\t\t<div class=\"elementor-widget-container\">\n\t\t\t<h2 class=\"elementor-heading-title elementor-size-default\">LA CONFRERIE<\/h2>\t\t<\/div>\n\t\t\t\t<\/div>\n\t\t\t\t\t<\/div>\n\t\t<\/div>\n\t\t\t\t\t\t\t<\/div>\n\t\t<\/section>\n\t\t\t\t<section class=\"elementor-section elementor-top-section elementor-element elementor-element-38c2894 elementor-section-boxed elementor-section-height-default elementor-section-height-default\" data-id=\"38c2894\" data-element_type=\"section\">\n\t\t\t\t\t\t<div class=\"elementor-container elementor-column-gap-default\">\n\t\t\t\t\t<div class=\"elementor-column elementor-col-100 elementor-top-column elementor-element elementor-element-811438e\" data-id=\"811438e\" data-element_type=\"column\">\n\t\t\t<div class=\"elementor-widget-wrap elementor-element-populated\">\n\t\t\t\t\t\t\t\t<div class=\"elementor-element elementor-element-1599715 elementor-widget elementor-widget-text-editor\" data-id=\"1599715\" data-element_type=\"widget\" data-widget_type=\"text-editor.default\">\n\t\t\t\t<div class=\"elementor-widget-container\">\n\t\t\t\t\t\t\t<p>Depuis sa reconstitution en 1968, la confr\u00e9rie a intronis\u00e9 plus de <strong>1 100 personnes<\/strong>, dont parmi les plus c\u00e9l\u00e8bres: Georges Brassens, Michel Maffesoli, Patrick Bruel, Pierre Bonte, Thierry Ardison,\u00a0 Michel Troisgros, Laurent Spanghero, Pierre Cocherau (organiste de Notre Dame), Ren\u00e9 Coll (chef d&rsquo;orchestre), Michel Galabru&#8230; Aujourd&rsquo;hui, le Grand Conseil est compos\u00e9 de <strong>28 membres permanents.\u00a0\u00a0<\/strong><\/p>\t\t\t\t\t\t<\/div>\n\t\t\t\t<\/div>\n\t\t\t\t\t<\/div>\n\t\t<\/div>\n\t\t\t\t\t\t\t<\/div>\n\t\t<\/section>\n\t\t\t\t<section class=\"elementor-section elementor-top-section elementor-element elementor-element-c6c703b elementor-section-boxed elementor-section-height-default elementor-section-height-default\" data-id=\"c6c703b\" data-element_type=\"section\">\n\t\t\t\t\t\t<div class=\"elementor-container elementor-column-gap-default\">\n\t\t\t\t\t<div class=\"elementor-column elementor-col-100 elementor-top-column elementor-element elementor-element-a2e9dba\" data-id=\"a2e9dba\" data-element_type=\"column\">\n\t\t\t<div class=\"elementor-widget-wrap elementor-element-populated\">\n\t\t\t\t\t\t\t\t<div class=\"elementor-element elementor-element-2e72d49 elementor-widget elementor-widget-heading\" data-id=\"2e72d49\" data-element_type=\"widget\" data-widget_type=\"heading.default\">\n\t\t\t\t<div class=\"elementor-widget-container\">\n\t\t\t<h2 class=\"elementor-heading-title elementor-size-default\">Quelques images au fil des ans...<\/h2>\t\t<\/div>\n\t\t\t\t<\/div>\n\t\t\t\t\t<\/div>\n\t\t<\/div>\n\t\t\t\t\t\t\t<\/div>\n\t\t<\/section>\n\t\t\t\t<section class=\"elementor-section elementor-top-section elementor-element elementor-element-feb1484 elementor-section-boxed elementor-section-height-default elementor-section-height-default\" data-id=\"feb1484\" data-element_type=\"section\">\n\t\t\t\t\t\t<div class=\"elementor-container elementor-column-gap-default\">\n\t\t\t\t\t<div class=\"elementor-column elementor-col-100 elementor-top-column elementor-element elementor-element-574fd87\" data-id=\"574fd87\" data-element_type=\"column\">\n\t\t\t<div class=\"elementor-widget-wrap elementor-element-populated\">\n\t\t\t\t\t\t\t\t<div class=\"elementor-element elementor-element-0f882d4 elementor-arrows-position-inside elementor-pagination-position-outside elementor-widget elementor-widget-image-carousel\" data-id=\"0f882d4\" data-element_type=\"widget\" data-settings=\"{&quot;slides_to_show&quot;:&quot;3&quot;,&quot;navigation&quot;:&quot;both&quot;,&quot;autoplay&quot;:&quot;yes&quot;,&quot;pause_on_hover&quot;:&quot;yes&quot;,&quot;pause_on_interaction&quot;:&quot;yes&quot;,&quot;autoplay_speed&quot;:5000,&quot;infinite&quot;:&quot;yes&quot;,&quot;speed&quot;:500}\" data-widget_type=\"image-carousel.default\">\n\t\t\t\t<div class=\"elementor-widget-container\">\n\t\t\t\t\t<div class=\"elementor-image-carousel-wrapper swiper-container\" dir=\"ltr\">\n\t\t\t<div class=\"elementor-image-carousel swiper-wrapper\">\n\t\t\t\t\t\t\t\t<div class=\"swiper-slide\"><figure class=\"swiper-slide-inner\"><img decoding=\"async\" class=\"swiper-slide-image\" src=\"https:\/\/confrerie-sant-andiu.fr\/wp-content\/uploads\/2021\/06\/IMG_0596-300x225.jpg\" alt=\"IMG_0596\" \/><\/figure><\/div><div class=\"swiper-slide\"><figure class=\"swiper-slide-inner\"><img decoding=\"async\" class=\"swiper-slide-image\" src=\"https:\/\/confrerie-sant-andiu.fr\/wp-content\/uploads\/2021\/06\/IMG_0599-300x225.jpg\" alt=\"IMG_0599\" \/><\/figure><\/div><div class=\"swiper-slide\"><figure class=\"swiper-slide-inner\"><img decoding=\"async\" class=\"swiper-slide-image\" src=\"https:\/\/confrerie-sant-andiu.fr\/wp-content\/uploads\/2021\/06\/IMG_0601-300x225.jpg\" alt=\"IMG_0601\" \/><\/figure><\/div><div class=\"swiper-slide\"><figure class=\"swiper-slide-inner\"><img decoding=\"async\" class=\"swiper-slide-image\" src=\"https:\/\/confrerie-sant-andiu.fr\/wp-content\/uploads\/2021\/06\/IMG_0602-300x225.jpg\" alt=\"IMG_0602\" \/><\/figure><\/div><div class=\"swiper-slide\"><figure class=\"swiper-slide-inner\"><img decoding=\"async\" class=\"swiper-slide-image\" src=\"https:\/\/confrerie-sant-andiu.fr\/wp-content\/uploads\/2021\/06\/IMG_0604-300x225.jpg\" alt=\"IMG_0604\" \/><\/figure><\/div><div class=\"swiper-slide\"><figure class=\"swiper-slide-inner\"><img decoding=\"async\" class=\"swiper-slide-image\" src=\"https:\/\/confrerie-sant-andiu.fr\/wp-content\/uploads\/2021\/06\/IMG_0605-300x225.jpg\" alt=\"IMG_0605\" \/><\/figure><\/div>\t\t\t<\/div>\n\t\t\t\t\t\t\t\t\t\t\t\t<div class=\"swiper-pagination\"><\/div>\n\t\t\t\t\t\t\t\t\t\t\t\t\t<div class=\"elementor-swiper-button elementor-swiper-button-prev\">\n\t\t\t\t\t\t<i aria-hidden=\"true\" class=\"eicon-chevron-left\"><\/i>\t\t\t\t\t\t<span class=\"elementor-screen-only\">Pr\u00e9c\u00e9dent<\/span>\n\t\t\t\t\t<\/div>\n\t\t\t\t\t<div class=\"elementor-swiper-button elementor-swiper-button-next\">\n\t\t\t\t\t\t<i aria-hidden=\"true\" class=\"eicon-chevron-right\"><\/i>\t\t\t\t\t\t<span class=\"elementor-screen-only\">Suivant<\/span>\n\t\t\t\t\t<\/div>\n\t\t\t\t\t\t\t\t\t<\/div>\n\t\t\t\t<\/div>\n\t\t\t\t<\/div>\n\t\t\t\t\t<\/div>\n\t\t<\/div>\n\t\t\t\t\t\t\t<\/div>\n\t\t<\/section>\n\t\t\t\t<section class=\"elementor-section elementor-top-section elementor-element elementor-element-f71b5b5 elementor-section-boxed elementor-section-height-default elementor-section-height-default\" data-id=\"f71b5b5\" data-element_type=\"section\">\n\t\t\t\t\t\t<div class=\"elementor-container elementor-column-gap-default\">\n\t\t\t\t\t<div class=\"elementor-column elementor-col-100 elementor-top-column elementor-element elementor-element-1773754\" data-id=\"1773754\" data-element_type=\"column\">\n\t\t\t<div class=\"elementor-widget-wrap elementor-element-populated\">\n\t\t\t\t\t\t\t\t<div class=\"elementor-element elementor-element-1d1db7f elementor-widget elementor-widget-spacer\" data-id=\"1d1db7f\" data-element_type=\"widget\" data-widget_type=\"spacer.default\">\n\t\t\t\t<div class=\"elementor-widget-container\">\n\t\t\t\t\t<div class=\"elementor-spacer\">\n\t\t\t<div class=\"elementor-spacer-inner\"><\/div>\n\t\t<\/div>\n\t\t\t\t<\/div>\n\t\t\t\t<\/div>\n\t\t\t\t\t<\/div>\n\t\t<\/div>\n\t\t\t\t\t\t\t<\/div>\n\t\t<\/section>\n\t\t\t\t\t\t\t<\/div>\n\t\t","protected":false},"excerpt":{"rendered":"<p>LE BUREAU Le bureau de la confr\u00e9rie est actuellement compos\u00e9 de 8 membres, dont: JEAN CHABRAT,&nbsp; Grand Mestre de l&rsquo;Antico Confrari\u00e9 de Sant Andiu de la Galinieiro et Grand VinetierSon titre \u00e9quivaut \u00e0 celui de Pr\u00e9sident de l&rsquo;association. Il est \u00e9galement grand vinetier, c&rsquo;est \u00e0 dire qu&rsquo;il s\u2019occupe de l\u2019entretien du barralet (le petit tonneau [&hellip;]<\/p>\n","protected":false},"author":1,"featured_media":0,"parent":0,"menu_order":0,"comment_status":"closed","ping_status":"closed","template":"","meta":{"footnotes":""},"class_list":["post-178","page","type-page","status-publish","hentry","entry"],"_links":{"self":[{"href":"https:\/\/confrerie-sant-andiu.fr\/index.php?rest_route=\/wp\/v2\/pages\/178","targetHints":{"allow":["GET"]}}],"collection":[{"href":"https:\/\/confrerie-sant-andiu.fr\/index.php?rest_route=\/wp\/v2\/pages"}],"about":[{"href":"https:\/\/confrerie-sant-andiu.fr\/index.php?rest_route=\/wp\/v2\/types\/page"}],"author":[{"embeddable":true,"href":"https:\/\/confrerie-sant-andiu.fr\/index.php?rest_route=\/wp\/v2\/users\/1"}],"replies":[{"embeddable":true,"href":"https:\/\/confrerie-sant-andiu.fr\/index.php?rest_route=%2Fwp%2Fv2%2Fcomments&post=178"}],"version-history":[{"count":65,"href":"https:\/\/confrerie-sant-andiu.fr\/index.php?rest_route=\/wp\/v2\/pages\/178\/revisions"}],"predecessor-version":[{"id":1702,"href":"https:\/\/confrerie-sant-andiu.fr\/index.php?rest_route=\/wp\/v2\/pages\/178\/revisions\/1702"}],"wp:attachment":[{"href":"https:\/\/confrerie-sant-andiu.fr\/index.php?rest_route=%2Fwp%2Fv2%2Fmedia&parent=178"}],"curies":[{"name":"wp","href":"https:\/\/api.w.org\/{rel}","templated":true}]}}