{"id":168,"date":"2021-05-12T10:18:16","date_gmt":"2021-05-12T08:18:16","guid":{"rendered":"http:\/\/confrerie-sant-andiu.fr\/?page_id=168"},"modified":"2023-02-21T15:37:57","modified_gmt":"2023-02-21T14:37:57","slug":"fete-de-saint-aphrodise","status":"publish","type":"page","link":"https:\/\/confrerie-sant-andiu.fr\/?page_id=168","title":{"rendered":"F\u00eate de Saint Aphrodise"},"content":{"rendered":"\t\t<div data-elementor-type=\"wp-page\" data-elementor-id=\"168\" class=\"elementor elementor-168\">\n\t\t\t\t\t\t\t\t\t<section class=\"elementor-section elementor-top-section elementor-element elementor-element-4cc2cff elementor-section-boxed elementor-section-height-default elementor-section-height-default\" data-id=\"4cc2cff\" data-element_type=\"section\">\n\t\t\t\t\t\t<div class=\"elementor-container elementor-column-gap-default\">\n\t\t\t\t\t<div class=\"elementor-column elementor-col-100 elementor-top-column elementor-element elementor-element-17a0b9b\" data-id=\"17a0b9b\" data-element_type=\"column\">\n\t\t\t<div class=\"elementor-widget-wrap elementor-element-populated\">\n\t\t\t\t\t\t\t\t<div class=\"elementor-element elementor-element-72554a5 elementor-widget elementor-widget-spacer\" data-id=\"72554a5\" data-element_type=\"widget\" data-widget_type=\"spacer.default\">\n\t\t\t\t<div class=\"elementor-widget-container\">\n\t\t\t\t\t<div class=\"elementor-spacer\">\n\t\t\t<div class=\"elementor-spacer-inner\"><\/div>\n\t\t<\/div>\n\t\t\t\t<\/div>\n\t\t\t\t<\/div>\n\t\t\t\t\t<\/div>\n\t\t<\/div>\n\t\t\t\t\t\t\t<\/div>\n\t\t<\/section>\n\t\t\t\t<section class=\"elementor-section elementor-top-section elementor-element elementor-element-0fec94d elementor-section-boxed elementor-section-height-default elementor-section-height-default\" data-id=\"0fec94d\" data-element_type=\"section\">\n\t\t\t\t\t\t<div class=\"elementor-container elementor-column-gap-default\">\n\t\t\t\t\t<div class=\"elementor-column elementor-col-100 elementor-top-column elementor-element elementor-element-0ef9e0e\" data-id=\"0ef9e0e\" data-element_type=\"column\">\n\t\t\t<div class=\"elementor-widget-wrap elementor-element-populated\">\n\t\t\t\t\t\t\t\t<div class=\"elementor-element elementor-element-921b732 elementor-widget elementor-widget-heading\" data-id=\"921b732\" data-element_type=\"widget\" data-widget_type=\"heading.default\">\n\t\t\t\t<div class=\"elementor-widget-container\">\n\t\t\t<h2 class=\"elementor-heading-title elementor-size-default\">LA F\u00caTE DE SAINT APHRODISE<\/h2>\t\t<\/div>\n\t\t\t\t<\/div>\n\t\t\t\t\t<\/div>\n\t\t<\/div>\n\t\t\t\t\t\t\t<\/div>\n\t\t<\/section>\n\t\t\t\t<section class=\"elementor-section elementor-top-section elementor-element elementor-element-fcaf4c0 elementor-section-boxed elementor-section-height-default elementor-section-height-default\" data-id=\"fcaf4c0\" data-element_type=\"section\">\n\t\t\t\t\t\t<div class=\"elementor-container elementor-column-gap-default\">\n\t\t\t\t\t<div class=\"elementor-column elementor-col-100 elementor-top-column elementor-element elementor-element-0523d2a\" data-id=\"0523d2a\" data-element_type=\"column\">\n\t\t\t<div class=\"elementor-widget-wrap elementor-element-populated\">\n\t\t\t\t\t\t\t\t<div class=\"elementor-element elementor-element-0d84cbe elementor-widget-divider--view-line elementor-widget elementor-widget-divider\" data-id=\"0d84cbe\" data-element_type=\"widget\" data-widget_type=\"divider.default\">\n\t\t\t\t<div class=\"elementor-widget-container\">\n\t\t\t\t\t<div class=\"elementor-divider\">\n\t\t\t<span class=\"elementor-divider-separator\">\n\t\t\t\t\t\t<\/span>\n\t\t<\/div>\n\t\t\t\t<\/div>\n\t\t\t\t<\/div>\n\t\t\t\t\t<\/div>\n\t\t<\/div>\n\t\t\t\t\t\t\t<\/div>\n\t\t<\/section>\n\t\t\t\t<section class=\"elementor-section elementor-top-section elementor-element elementor-element-9c07988 elementor-section-boxed elementor-section-height-default elementor-section-height-default\" data-id=\"9c07988\" data-element_type=\"section\">\n\t\t\t\t\t\t<div class=\"elementor-container elementor-column-gap-default\">\n\t\t\t\t\t<div class=\"elementor-column elementor-col-100 elementor-top-column elementor-element elementor-element-c498087\" data-id=\"c498087\" data-element_type=\"column\">\n\t\t\t<div class=\"elementor-widget-wrap elementor-element-populated\">\n\t\t\t\t\t\t\t\t<div class=\"elementor-element elementor-element-e33c724 elementor-widget elementor-widget-text-editor\" data-id=\"e33c724\" data-element_type=\"widget\" data-widget_type=\"text-editor.default\">\n\t\t\t\t<div class=\"elementor-widget-container\">\n\t\t\t\t\t\t\t<p>C\u00e9l\u00e9br\u00e9 le dernier dimanche du mois d&rsquo;Avril, jour de la mort de Saint Aphrodise, la ville de B\u00e9ziers rend hommage chaque ann\u00e9e \u00e0 son Saint Patron en organisant une journ\u00e9e \u00e0 son effigie. Au programme: expositions, visites comment\u00e9es, conf\u00e9rences, d\u00e9fil\u00e9 historique, intronisations&#8230;<\/p>\t\t\t\t\t\t<\/div>\n\t\t\t\t<\/div>\n\t\t\t\t\t<\/div>\n\t\t<\/div>\n\t\t\t\t\t\t\t<\/div>\n\t\t<\/section>\n\t\t\t\t<section class=\"elementor-section elementor-top-section elementor-element elementor-element-4a3e5d0 elementor-section-boxed elementor-section-height-default elementor-section-height-default\" data-id=\"4a3e5d0\" data-element_type=\"section\">\n\t\t\t\t\t\t<div class=\"elementor-container elementor-column-gap-default\">\n\t\t\t\t\t<div class=\"elementor-column elementor-col-100 elementor-top-column elementor-element elementor-element-bd3dfe4\" data-id=\"bd3dfe4\" data-element_type=\"column\">\n\t\t\t<div class=\"elementor-widget-wrap elementor-element-populated\">\n\t\t\t\t\t\t\t\t<div class=\"elementor-element elementor-element-6053252 elementor-widget elementor-widget-heading\" data-id=\"6053252\" data-element_type=\"widget\" data-widget_type=\"heading.default\">\n\t\t\t\t<div class=\"elementor-widget-container\">\n\t\t\t<h2 class=\"elementor-heading-title elementor-size-default\">Un peu d'histoire... <\/h2>\t\t<\/div>\n\t\t\t\t<\/div>\n\t\t\t\t<div class=\"elementor-element elementor-element-6165f87 elementor-widget elementor-widget-text-editor\" data-id=\"6165f87\" data-element_type=\"widget\" data-widget_type=\"text-editor.default\">\n\t\t\t\t<div class=\"elementor-widget-container\">\n\t\t\t\t\t\t\t<p>Saint Aphrodise serait Ev\u00eaque de B\u00e9ziers. Venu d&rsquo;Egypte avec son chameau, que les bitterois appellent \u00ab\u00a0Lou Camel\u00a0\u00bb, pour \u00e9vang\u00e9liser la Gaule et se serait arr\u00eat\u00e9 \u00e0 B\u00e9ziers. Mais en raison de son activit\u00e9 d\u00e9bordante, il se serait attir\u00e9 les foudres du gouverneur et fut condamn\u00e9 \u00e0 mort&#8230;<\/p><p>D\u00e9capit\u00e9 place Saint Cyr \u00e0 B\u00e9ziers, sa t\u00eate fut jet\u00e9e dans un puits. Elle ressortit imm\u00e9diatement, puis Aphrodise se releva, la prit dans ses mains et marcha vers la ville. Sur sa route, les gens jetaient des escargots. Il marcha dessus mais n&rsquo;en \u00e9crasa aucun ! Stup\u00e9faits, des ma\u00e7ons se moqu\u00e8rent de lui: ils furent p\u00e9trifi\u00e9s !\u00a0<\/p><p>Aphrodise fut ensuite enseveli dans la grotte qui lui servait d&rsquo;habitation; aujourd&rsquo;hui devenue la crypte de la basilique \u00e9ponyme, \u00e0 B\u00e9ziers.\u00a0Le chameau, lui, fut recueilli par un potier qui s&rsquo;en occupa jusqu&rsquo;\u00e0 sa mort. Il fut ensuite empaill\u00e9 et tous les 28 avril, promen\u00e9 dans la ville par le Papari.\u00a0Aujourd&rsquo;hui lors de cette f\u00eate, les coques de B\u00e9ziers sont fabriqu\u00e9es et consomm\u00e9es.\u00a0<\/p>\t\t\t\t\t\t<\/div>\n\t\t\t\t<\/div>\n\t\t\t\t\t<\/div>\n\t\t<\/div>\n\t\t\t\t\t\t\t<\/div>\n\t\t<\/section>\n\t\t\t\t<section class=\"elementor-section elementor-top-section elementor-element elementor-element-1871cda elementor-section-boxed elementor-section-height-default elementor-section-height-default\" data-id=\"1871cda\" data-element_type=\"section\">\n\t\t\t\t\t\t<div class=\"elementor-container elementor-column-gap-default\">\n\t\t\t\t\t<div class=\"elementor-column elementor-col-100 elementor-top-column elementor-element elementor-element-ee0e0ca\" data-id=\"ee0e0ca\" data-element_type=\"column\">\n\t\t\t<div class=\"elementor-widget-wrap elementor-element-populated\">\n\t\t\t\t\t\t\t\t<div class=\"elementor-element elementor-element-6500d72 elementor-widget elementor-widget-image\" data-id=\"6500d72\" data-element_type=\"widget\" data-widget_type=\"image.default\">\n\t\t\t\t<div class=\"elementor-widget-container\">\n\t\t\t\t\t\t\t\t\t\t\t\t\t\t\t<img loading=\"lazy\" decoding=\"async\" width=\"590\" height=\"402\" src=\"https:\/\/confrerie-sant-andiu.fr\/wp-content\/uploads\/2021\/06\/Legende-sacree-de-Saint3.jpg\" class=\"attachment-large size-large\" alt=\"\" srcset=\"https:\/\/confrerie-sant-andiu.fr\/wp-content\/uploads\/2021\/06\/Legende-sacree-de-Saint3.jpg 590w, https:\/\/confrerie-sant-andiu.fr\/wp-content\/uploads\/2021\/06\/Legende-sacree-de-Saint3-300x204.jpg 300w\" sizes=\"auto, (max-width: 590px) 100vw, 590px\" \/>\t\t\t\t\t\t\t\t\t\t\t\t\t\t\t<\/div>\n\t\t\t\t<\/div>\n\t\t\t\t\t<\/div>\n\t\t<\/div>\n\t\t\t\t\t\t\t<\/div>\n\t\t<\/section>\n\t\t\t\t<section class=\"elementor-section elementor-top-section elementor-element elementor-element-1275b2d elementor-section-boxed elementor-section-height-default elementor-section-height-default\" data-id=\"1275b2d\" data-element_type=\"section\">\n\t\t\t\t\t\t<div class=\"elementor-container elementor-column-gap-default\">\n\t\t\t\t\t<div class=\"elementor-column elementor-col-100 elementor-top-column elementor-element elementor-element-08d66a5\" data-id=\"08d66a5\" data-element_type=\"column\">\n\t\t\t<div class=\"elementor-widget-wrap elementor-element-populated\">\n\t\t\t\t\t\t\t\t<div class=\"elementor-element elementor-element-d4360d9 elementor-widget elementor-widget-spacer\" data-id=\"d4360d9\" data-element_type=\"widget\" data-widget_type=\"spacer.default\">\n\t\t\t\t<div class=\"elementor-widget-container\">\n\t\t\t\t\t<div class=\"elementor-spacer\">\n\t\t\t<div class=\"elementor-spacer-inner\"><\/div>\n\t\t<\/div>\n\t\t\t\t<\/div>\n\t\t\t\t<\/div>\n\t\t\t\t\t<\/div>\n\t\t<\/div>\n\t\t\t\t\t\t\t<\/div>\n\t\t<\/section>\n\t\t\t\t<section class=\"elementor-section elementor-top-section elementor-element elementor-element-524df92 elementor-section-boxed elementor-section-height-default elementor-section-height-default\" data-id=\"524df92\" data-element_type=\"section\">\n\t\t\t\t\t\t<div class=\"elementor-container elementor-column-gap-default\">\n\t\t\t\t\t<div class=\"elementor-column elementor-col-100 elementor-top-column elementor-element elementor-element-047dc88\" data-id=\"047dc88\" data-element_type=\"column\">\n\t\t\t<div class=\"elementor-widget-wrap elementor-element-populated\">\n\t\t\t\t\t\t\t\t<div class=\"elementor-element elementor-element-69b2d07 elementor-widget elementor-widget-heading\" data-id=\"69b2d07\" data-element_type=\"widget\" data-widget_type=\"heading.default\">\n\t\t\t\t<div class=\"elementor-widget-container\">\n\t\t\t<h2 class=\"elementor-heading-title elementor-size-default\">Des intronisations lors de la messe \u00e0 la cath\u00e9drale Saint Aphrodise<\/h2>\t\t<\/div>\n\t\t\t\t<\/div>\n\t\t\t\t\t<\/div>\n\t\t<\/div>\n\t\t\t\t\t\t\t<\/div>\n\t\t<\/section>\n\t\t\t\t<section class=\"elementor-section elementor-top-section elementor-element elementor-element-f1773bf elementor-section-boxed elementor-section-height-default elementor-section-height-default\" data-id=\"f1773bf\" data-element_type=\"section\">\n\t\t\t\t\t\t<div class=\"elementor-container elementor-column-gap-default\">\n\t\t\t\t\t<div class=\"elementor-column elementor-col-66 elementor-top-column elementor-element elementor-element-aa1a5fc\" data-id=\"aa1a5fc\" data-element_type=\"column\">\n\t\t\t<div class=\"elementor-widget-wrap elementor-element-populated\">\n\t\t\t\t\t\t\t\t<div class=\"elementor-element elementor-element-0e14dfc elementor-widget elementor-widget-text-editor\" data-id=\"0e14dfc\" data-element_type=\"widget\" data-widget_type=\"text-editor.default\">\n\t\t\t\t<div class=\"elementor-widget-container\">\n\t\t\t\t\t\t\t<p><span style=\"font-weight: 400;\">Chaque ann\u00e9e lors de la f\u00eate de Saint Aphrodise, les membres de la Confr\u00e9rie Sant Andiu sont pr\u00e9sents, v\u00eatus de robe rouge et bleu. Lors de la messe \u00e0 la basilique,\u00a0 ils proc\u00e8dent aux intronisations des pressentis aux titres. Il peut y avoir entre une \u00e0 dix intronisations par c\u00e9r\u00e9monie.\u00a0<\/span><\/p><p><span style=\"font-weight: 400;\">En amont de la f\u00eate, les membres de la confr\u00e9rie organisent le concours des vins blancs et des coques de St Aphrodise, en soutien au d\u00e9veloppement de la fili\u00e8re viticole.\u00a0<\/span><\/p>\t\t\t\t\t\t<\/div>\n\t\t\t\t<\/div>\n\t\t\t\t\t<\/div>\n\t\t<\/div>\n\t\t\t\t<div class=\"elementor-column elementor-col-33 elementor-top-column elementor-element elementor-element-4783be3\" data-id=\"4783be3\" data-element_type=\"column\">\n\t\t\t<div class=\"elementor-widget-wrap elementor-element-populated\">\n\t\t\t\t\t\t\t\t<div class=\"elementor-element elementor-element-4f6d2c0 elementor-widget elementor-widget-image\" data-id=\"4f6d2c0\" data-element_type=\"widget\" data-widget_type=\"image.default\">\n\t\t\t\t<div class=\"elementor-widget-container\">\n\t\t\t\t\t\t\t\t\t\t\t\t\t\t\t<img loading=\"lazy\" decoding=\"async\" width=\"1024\" height=\"683\" src=\"https:\/\/confrerie-sant-andiu.fr\/wp-content\/uploads\/2021\/06\/photo2-1024x683.jpg\" class=\"attachment-large size-large\" alt=\"\" srcset=\"https:\/\/confrerie-sant-andiu.fr\/wp-content\/uploads\/2021\/06\/photo2-1024x683.jpg 1024w, https:\/\/confrerie-sant-andiu.fr\/wp-content\/uploads\/2021\/06\/photo2-300x200.jpg 300w, https:\/\/confrerie-sant-andiu.fr\/wp-content\/uploads\/2021\/06\/photo2-768x512.jpg 768w, https:\/\/confrerie-sant-andiu.fr\/wp-content\/uploads\/2021\/06\/photo2.jpg 1536w\" sizes=\"auto, (max-width: 1024px) 100vw, 1024px\" \/>\t\t\t\t\t\t\t\t\t\t\t\t\t\t\t<\/div>\n\t\t\t\t<\/div>\n\t\t\t\t\t<\/div>\n\t\t<\/div>\n\t\t\t\t\t\t\t<\/div>\n\t\t<\/section>\n\t\t\t\t<section class=\"elementor-section elementor-top-section elementor-element elementor-element-84981aa elementor-section-boxed elementor-section-height-default elementor-section-height-default\" data-id=\"84981aa\" data-element_type=\"section\">\n\t\t\t\t\t\t<div class=\"elementor-container elementor-column-gap-default\">\n\t\t\t\t\t<div class=\"elementor-column elementor-col-100 elementor-top-column elementor-element elementor-element-5b46bf9\" data-id=\"5b46bf9\" data-element_type=\"column\">\n\t\t\t<div class=\"elementor-widget-wrap elementor-element-populated\">\n\t\t\t\t\t\t\t\t<div class=\"elementor-element elementor-element-4fed7b2 elementor-widget elementor-widget-spacer\" data-id=\"4fed7b2\" data-element_type=\"widget\" data-widget_type=\"spacer.default\">\n\t\t\t\t<div class=\"elementor-widget-container\">\n\t\t\t\t\t<div class=\"elementor-spacer\">\n\t\t\t<div class=\"elementor-spacer-inner\"><\/div>\n\t\t<\/div>\n\t\t\t\t<\/div>\n\t\t\t\t<\/div>\n\t\t\t\t\t<\/div>\n\t\t<\/div>\n\t\t\t\t\t\t\t<\/div>\n\t\t<\/section>\n\t\t\t\t<section class=\"elementor-section elementor-top-section elementor-element elementor-element-6ef73bb elementor-section-boxed elementor-section-height-default elementor-section-height-default\" data-id=\"6ef73bb\" data-element_type=\"section\">\n\t\t\t\t\t\t<div class=\"elementor-container elementor-column-gap-default\">\n\t\t\t\t\t<div class=\"elementor-column elementor-col-100 elementor-top-column elementor-element elementor-element-af13f3f\" data-id=\"af13f3f\" data-element_type=\"column\">\n\t\t\t<div class=\"elementor-widget-wrap elementor-element-populated\">\n\t\t\t\t\t\t\t\t<div class=\"elementor-element elementor-element-e9860c5 elementor-widget elementor-widget-spacer\" data-id=\"e9860c5\" data-element_type=\"widget\" data-widget_type=\"spacer.default\">\n\t\t\t\t<div class=\"elementor-widget-container\">\n\t\t\t\t\t<div class=\"elementor-spacer\">\n\t\t\t<div class=\"elementor-spacer-inner\"><\/div>\n\t\t<\/div>\n\t\t\t\t<\/div>\n\t\t\t\t<\/div>\n\t\t\t\t\t<\/div>\n\t\t<\/div>\n\t\t\t\t\t\t\t<\/div>\n\t\t<\/section>\n\t\t\t\t\t\t\t<\/div>\n\t\t","protected":false},"excerpt":{"rendered":"<p>LA F\u00caTE DE SAINT APHRODISE C\u00e9l\u00e9br\u00e9 le dernier dimanche du mois d&rsquo;Avril, jour de la mort de Saint Aphrodise, la ville de B\u00e9ziers rend hommage chaque ann\u00e9e \u00e0 son Saint Patron en organisant une journ\u00e9e \u00e0 son effigie. Au programme: expositions, visites comment\u00e9es, conf\u00e9rences, d\u00e9fil\u00e9 historique, intronisations&#8230; Un peu d&rsquo;histoire&#8230; Saint Aphrodise serait Ev\u00eaque de [&hellip;]<\/p>\n","protected":false},"author":1,"featured_media":0,"parent":0,"menu_order":0,"comment_status":"closed","ping_status":"closed","template":"","meta":{"footnotes":""},"class_list":["post-168","page","type-page","status-publish","hentry","entry"],"_links":{"self":[{"href":"https:\/\/confrerie-sant-andiu.fr\/index.php?rest_route=\/wp\/v2\/pages\/168","targetHints":{"allow":["GET"]}}],"collection":[{"href":"https:\/\/confrerie-sant-andiu.fr\/index.php?rest_route=\/wp\/v2\/pages"}],"about":[{"href":"https:\/\/confrerie-sant-andiu.fr\/index.php?rest_route=\/wp\/v2\/types\/page"}],"author":[{"embeddable":true,"href":"https:\/\/confrerie-sant-andiu.fr\/index.php?rest_route=\/wp\/v2\/users\/1"}],"replies":[{"embeddable":true,"href":"https:\/\/confrerie-sant-andiu.fr\/index.php?rest_route=%2Fwp%2Fv2%2Fcomments&post=168"}],"version-history":[{"count":50,"href":"https:\/\/confrerie-sant-andiu.fr\/index.php?rest_route=\/wp\/v2\/pages\/168\/revisions"}],"predecessor-version":[{"id":1425,"href":"https:\/\/confrerie-sant-andiu.fr\/index.php?rest_route=\/wp\/v2\/pages\/168\/revisions\/1425"}],"wp:attachment":[{"href":"https:\/\/confrerie-sant-andiu.fr\/index.php?rest_route=%2Fwp%2Fv2%2Fmedia&parent=168"}],"curies":[{"name":"wp","href":"https:\/\/api.w.org\/{rel}","templated":true}]}}