{"id":163,"date":"2021-05-12T10:16:45","date_gmt":"2021-05-12T08:16:45","guid":{"rendered":"http:\/\/confrerie-sant-andiu.fr\/?page_id=163"},"modified":"2023-02-21T15:40:38","modified_gmt":"2023-02-21T14:40:38","slug":"fete-du-vin-nouveau","status":"publish","type":"page","link":"https:\/\/confrerie-sant-andiu.fr\/?page_id=163","title":{"rendered":"F\u00eate du Vin nouveau"},"content":{"rendered":"\t\t<div data-elementor-type=\"wp-page\" data-elementor-id=\"163\" class=\"elementor elementor-163\">\n\t\t\t\t\t\t\t\t\t<section class=\"elementor-section elementor-top-section elementor-element elementor-element-06539db elementor-section-boxed elementor-section-height-default elementor-section-height-default\" data-id=\"06539db\" data-element_type=\"section\">\n\t\t\t\t\t\t<div class=\"elementor-container elementor-column-gap-default\">\n\t\t\t\t\t<div class=\"elementor-column elementor-col-100 elementor-top-column elementor-element elementor-element-f798103\" data-id=\"f798103\" data-element_type=\"column\">\n\t\t\t<div class=\"elementor-widget-wrap elementor-element-populated\">\n\t\t\t\t\t\t\t\t<div class=\"elementor-element elementor-element-943fc2c elementor-widget elementor-widget-spacer\" data-id=\"943fc2c\" data-element_type=\"widget\" data-widget_type=\"spacer.default\">\n\t\t\t\t<div class=\"elementor-widget-container\">\n\t\t\t\t\t<div class=\"elementor-spacer\">\n\t\t\t<div class=\"elementor-spacer-inner\"><\/div>\n\t\t<\/div>\n\t\t\t\t<\/div>\n\t\t\t\t<\/div>\n\t\t\t\t\t<\/div>\n\t\t<\/div>\n\t\t\t\t\t\t\t<\/div>\n\t\t<\/section>\n\t\t\t\t<section class=\"elementor-section elementor-top-section elementor-element elementor-element-ea29b91 elementor-section-boxed elementor-section-height-default elementor-section-height-default\" data-id=\"ea29b91\" data-element_type=\"section\">\n\t\t\t\t\t\t<div class=\"elementor-container elementor-column-gap-default\">\n\t\t\t\t\t<div class=\"elementor-column elementor-col-100 elementor-top-column elementor-element elementor-element-718da41\" data-id=\"718da41\" data-element_type=\"column\">\n\t\t\t<div class=\"elementor-widget-wrap elementor-element-populated\">\n\t\t\t\t\t\t\t\t<div class=\"elementor-element elementor-element-84a5ee3 elementor-widget elementor-widget-heading\" data-id=\"84a5ee3\" data-element_type=\"widget\" data-widget_type=\"heading.default\">\n\t\t\t\t<div class=\"elementor-widget-container\">\n\t\t\t<h2 class=\"elementor-heading-title elementor-size-default\">LA F\u00caTE DU VIN NOUVEAU<\/h2>\t\t<\/div>\n\t\t\t\t<\/div>\n\t\t\t\t\t<\/div>\n\t\t<\/div>\n\t\t\t\t\t\t\t<\/div>\n\t\t<\/section>\n\t\t\t\t<section class=\"elementor-section elementor-top-section elementor-element elementor-element-a91268e elementor-section-boxed elementor-section-height-default elementor-section-height-default\" data-id=\"a91268e\" data-element_type=\"section\">\n\t\t\t\t\t\t<div class=\"elementor-container elementor-column-gap-default\">\n\t\t\t\t\t<div class=\"elementor-column elementor-col-100 elementor-top-column elementor-element elementor-element-b73b127\" data-id=\"b73b127\" data-element_type=\"column\">\n\t\t\t<div class=\"elementor-widget-wrap elementor-element-populated\">\n\t\t\t\t\t\t\t\t<div class=\"elementor-element elementor-element-c0e63fb elementor-widget-divider--view-line elementor-widget elementor-widget-divider\" data-id=\"c0e63fb\" data-element_type=\"widget\" data-widget_type=\"divider.default\">\n\t\t\t\t<div class=\"elementor-widget-container\">\n\t\t\t\t\t<div class=\"elementor-divider\">\n\t\t\t<span class=\"elementor-divider-separator\">\n\t\t\t\t\t\t<\/span>\n\t\t<\/div>\n\t\t\t\t<\/div>\n\t\t\t\t<\/div>\n\t\t\t\t\t<\/div>\n\t\t<\/div>\n\t\t\t\t\t\t\t<\/div>\n\t\t<\/section>\n\t\t\t\t<section class=\"elementor-section elementor-top-section elementor-element elementor-element-f0605d7 elementor-section-boxed elementor-section-height-default elementor-section-height-default\" data-id=\"f0605d7\" data-element_type=\"section\">\n\t\t\t\t\t\t<div class=\"elementor-container elementor-column-gap-default\">\n\t\t\t\t\t<div class=\"elementor-column elementor-col-100 elementor-top-column elementor-element elementor-element-79c7390\" data-id=\"79c7390\" data-element_type=\"column\">\n\t\t\t<div class=\"elementor-widget-wrap elementor-element-populated\">\n\t\t\t\t\t\t\t\t<div class=\"elementor-element elementor-element-2ce4874 elementor-widget elementor-widget-text-editor\" data-id=\"2ce4874\" data-element_type=\"widget\" data-widget_type=\"text-editor.default\">\n\t\t\t\t<div class=\"elementor-widget-container\">\n\t\t\t\t\t\t\t<p><span style=\"font-weight: 400;\">C\u00e9l\u00e9br\u00e9e chaque ann\u00e9e le 3\u00e8me dimanche du mois d\u2019octobre, date correspondant \u00e0 la sortie des vins nouveaux des appellations de B\u00e9ziers.\u00a0<\/span><\/p>\t\t\t\t\t\t<\/div>\n\t\t\t\t<\/div>\n\t\t\t\t\t<\/div>\n\t\t<\/div>\n\t\t\t\t\t\t\t<\/div>\n\t\t<\/section>\n\t\t\t\t<section class=\"elementor-section elementor-top-section elementor-element elementor-element-c109792 elementor-section-boxed elementor-section-height-default elementor-section-height-default\" data-id=\"c109792\" data-element_type=\"section\">\n\t\t\t\t\t\t<div class=\"elementor-container elementor-column-gap-default\">\n\t\t\t\t\t<div class=\"elementor-column elementor-col-100 elementor-top-column elementor-element elementor-element-a68b449\" data-id=\"a68b449\" data-element_type=\"column\">\n\t\t\t<div class=\"elementor-widget-wrap elementor-element-populated\">\n\t\t\t\t\t\t\t\t<div class=\"elementor-element elementor-element-267e528 elementor-widget elementor-widget-heading\" data-id=\"267e528\" data-element_type=\"widget\" data-widget_type=\"heading.default\">\n\t\t\t\t<div class=\"elementor-widget-container\">\n\t\t\t<h2 class=\"elementor-heading-title elementor-size-default\">Un d\u00e9fil\u00e9 dans toute la ville<\/h2>\t\t<\/div>\n\t\t\t\t<\/div>\n\t\t\t\t<div class=\"elementor-element elementor-element-6481807 elementor-widget elementor-widget-text-editor\" data-id=\"6481807\" data-element_type=\"widget\" data-widget_type=\"text-editor.default\">\n\t\t\t\t<div class=\"elementor-widget-container\">\n\t\t\t\t\t\t\t<p><span style=\"font-weight: 400;\">Lors de cette journ\u00e9e sp\u00e9ciale, toutes les confr\u00e9ries amies, les membres de Sant Andiu et le chameau d\u00e9filent dans la ville. Un premier arr\u00eat se fait \u00e0 la Mairie, o\u00f9 ils rencontrent les autorit\u00e9s civiles, et offrent au Maire les raisins de l\u2019ann\u00e9e. Puis, le cort\u00e8ge prend la direction de la cath\u00e9drale. Sur le parvis, il y a une offrande de raisin \u00e0 l\u2019Archipr\u00eatre de la paroisse. Une c\u00e9r\u00e9monie religieuse a ensuite lieu dans la cath\u00e9drale, et le cort\u00e8ge prend place dans le clo\u00eetre, o\u00f9 Sant Andiu tient un chapitre de la confr\u00e9rie. G\u00e9n\u00e9ralement sont intronis\u00e9s ce jour-l\u00e0 les vignerons de B\u00e9ziers et de ses alentours.<\/span><\/p>\t\t\t\t\t\t<\/div>\n\t\t\t\t<\/div>\n\t\t\t\t\t<\/div>\n\t\t<\/div>\n\t\t\t\t\t\t\t<\/div>\n\t\t<\/section>\n\t\t\t\t<section class=\"elementor-section elementor-top-section elementor-element elementor-element-8103a91 elementor-section-boxed elementor-section-height-default elementor-section-height-default\" data-id=\"8103a91\" data-element_type=\"section\">\n\t\t\t\t\t\t<div class=\"elementor-container elementor-column-gap-default\">\n\t\t\t\t\t<div class=\"elementor-column elementor-col-100 elementor-top-column elementor-element elementor-element-234da71\" data-id=\"234da71\" data-element_type=\"column\">\n\t\t\t<div class=\"elementor-widget-wrap elementor-element-populated\">\n\t\t\t\t\t\t\t\t<div class=\"elementor-element elementor-element-39c14b0 elementor-widget elementor-widget-image\" data-id=\"39c14b0\" data-element_type=\"widget\" data-widget_type=\"image.default\">\n\t\t\t\t<div class=\"elementor-widget-container\">\n\t\t\t\t\t\t\t\t\t\t\t\t\t\t\t<img loading=\"lazy\" decoding=\"async\" width=\"1024\" height=\"427\" src=\"https:\/\/confrerie-sant-andiu.fr\/wp-content\/uploads\/2021\/06\/vin-nouveau-1024x427.jpg\" class=\"attachment-large size-large\" alt=\"\" srcset=\"https:\/\/confrerie-sant-andiu.fr\/wp-content\/uploads\/2021\/06\/vin-nouveau-1024x427.jpg 1024w, https:\/\/confrerie-sant-andiu.fr\/wp-content\/uploads\/2021\/06\/vin-nouveau-300x125.jpg 300w, https:\/\/confrerie-sant-andiu.fr\/wp-content\/uploads\/2021\/06\/vin-nouveau-768x320.jpg 768w, https:\/\/confrerie-sant-andiu.fr\/wp-content\/uploads\/2021\/06\/vin-nouveau.jpg 1200w\" sizes=\"auto, (max-width: 1024px) 100vw, 1024px\" \/>\t\t\t\t\t\t\t\t\t\t\t\t\t\t\t<\/div>\n\t\t\t\t<\/div>\n\t\t\t\t\t<\/div>\n\t\t<\/div>\n\t\t\t\t\t\t\t<\/div>\n\t\t<\/section>\n\t\t\t\t<section class=\"elementor-section elementor-top-section elementor-element elementor-element-2854d55 elementor-section-boxed elementor-section-height-default elementor-section-height-default\" data-id=\"2854d55\" data-element_type=\"section\">\n\t\t\t\t\t\t<div class=\"elementor-container elementor-column-gap-default\">\n\t\t\t\t\t<div class=\"elementor-column elementor-col-100 elementor-top-column elementor-element elementor-element-7157b6f\" data-id=\"7157b6f\" data-element_type=\"column\">\n\t\t\t<div class=\"elementor-widget-wrap elementor-element-populated\">\n\t\t\t\t\t\t\t\t<div class=\"elementor-element elementor-element-3cb3231 elementor-widget elementor-widget-spacer\" data-id=\"3cb3231\" data-element_type=\"widget\" data-widget_type=\"spacer.default\">\n\t\t\t\t<div class=\"elementor-widget-container\">\n\t\t\t\t\t<div class=\"elementor-spacer\">\n\t\t\t<div class=\"elementor-spacer-inner\"><\/div>\n\t\t<\/div>\n\t\t\t\t<\/div>\n\t\t\t\t<\/div>\n\t\t\t\t\t<\/div>\n\t\t<\/div>\n\t\t\t\t\t\t\t<\/div>\n\t\t<\/section>\n\t\t\t\t\t\t\t<\/div>\n\t\t","protected":false},"excerpt":{"rendered":"<p>LA F\u00caTE DU VIN NOUVEAU C\u00e9l\u00e9br\u00e9e chaque ann\u00e9e le 3\u00e8me dimanche du mois d\u2019octobre, date correspondant \u00e0 la sortie des vins nouveaux des appellations de B\u00e9ziers.&nbsp; Un d\u00e9fil\u00e9 dans toute la ville Lors de cette journ\u00e9e sp\u00e9ciale, toutes les confr\u00e9ries amies, les membres de Sant Andiu et le chameau d\u00e9filent dans la ville. Un premier [&hellip;]<\/p>\n","protected":false},"author":1,"featured_media":0,"parent":0,"menu_order":0,"comment_status":"closed","ping_status":"closed","template":"","meta":{"footnotes":""},"class_list":["post-163","page","type-page","status-publish","hentry","entry"],"_links":{"self":[{"href":"https:\/\/confrerie-sant-andiu.fr\/index.php?rest_route=\/wp\/v2\/pages\/163","targetHints":{"allow":["GET"]}}],"collection":[{"href":"https:\/\/confrerie-sant-andiu.fr\/index.php?rest_route=\/wp\/v2\/pages"}],"about":[{"href":"https:\/\/confrerie-sant-andiu.fr\/index.php?rest_route=\/wp\/v2\/types\/page"}],"author":[{"embeddable":true,"href":"https:\/\/confrerie-sant-andiu.fr\/index.php?rest_route=\/wp\/v2\/users\/1"}],"replies":[{"embeddable":true,"href":"https:\/\/confrerie-sant-andiu.fr\/index.php?rest_route=%2Fwp%2Fv2%2Fcomments&post=163"}],"version-history":[{"count":32,"href":"https:\/\/confrerie-sant-andiu.fr\/index.php?rest_route=\/wp\/v2\/pages\/163\/revisions"}],"predecessor-version":[{"id":1433,"href":"https:\/\/confrerie-sant-andiu.fr\/index.php?rest_route=\/wp\/v2\/pages\/163\/revisions\/1433"}],"wp:attachment":[{"href":"https:\/\/confrerie-sant-andiu.fr\/index.php?rest_route=%2Fwp%2Fv2%2Fmedia&parent=163"}],"curies":[{"name":"wp","href":"https:\/\/api.w.org\/{rel}","templated":true}]}}